{"id":62,"date":"2024-07-21T02:12:01","date_gmt":"2024-07-21T02:12:01","guid":{"rendered":"https:\/\/lantasoda.com\/?page_id=62"},"modified":"2024-10-25T16:48:09","modified_gmt":"2024-10-25T09:48:09","slug":"chinh-sach-mua-hang","status":"publish","type":"page","link":"https:\/\/lantasoda.com\/en\/chinh-sach-mua-hang\/","title":{"rendered":"PURCHASE POLICY"},"content":{"rendered":"<p><strong>1. Payments<\/strong><\/p><p>- By cash after receiving your orders for delivery company.<\/p><p>- Or transfer 100% bill to our bank account right after ordering (before delivery):<\/p><p>&nbsp;Account Number: 0071000863350<\/p><p>&nbsp;Holder: LAN TA JOINT STOCK COMPANY<\/p><p>&nbsp;Bank: Vietcombank - Branch: Ho Chi Minh City<\/p><p><strong>2. Delivery Fee:<\/strong><\/p><p>When a customer places an order, the staff will contact them to discuss the shipping costs. Lantas\u00f4da will calculate the shipping fee based on the rates of the shipping providers.<\/p><p><strong>Note: <\/strong>Khi nh\u1eadn h\u00e0ng kh\u00e1ch h\u00e0ng \u0111\u01b0\u1ee3c ki\u1ec3m tra h\u00e0ng nh\u01b0ng kh\u00f4ng d\u00f9ng th\u1eed.<\/p><p><strong>3. Delivery Time:<\/strong><\/p><p>- The delivery will be fulfilled on working days (from Monday to Friday)<\/p><p>- If you need delivery straight away, please contact hotline 0888 503 588 for Grab delivery.<\/p>","protected":false},"excerpt":{"rendered":"<p>1. H\u00ecnh th\u1ee9c thanh to\u00e1n. \u2013 Thanh to\u00e1n ti\u1ec1n m\u1eb7t khi nh\u1eadn h\u00e0ng cho \u0111\u01a1n v\u1ecb giao h\u00e0ng. \u2013 Ho\u1eb7c chuy\u1ec3n kho\u1ea3n qua ng\u00e2n h\u00e0ng 100% gi\u00e1 tr\u1ecb ti\u1ec1n h\u00e0ng tr\u01b0\u1edbc khi nh\u1eadn h\u00e0ng: &nbsp;S\u1ed1 t\u00e0i kho\u1ea3n: 0071000863350 &nbsp;Ch\u1ee7 t\u00e0i kho\u1ea3n: C\u00f4ng Ty C\u1ed5 Ph\u1ea7n Lan Ta &nbsp;Ng\u00e2n h\u00e0ng: Vietcombank chi nh\u00e1nh TP. H\u1ed3 Ch\u00ed&hellip;&nbsp;<a href=\"https:\/\/lantasoda.com\/en\/chinh-sach-mua-hang\/\" class=\"\" rel=\"bookmark\">Read More &raquo;<span class=\"screen-reader-text\">PURCHASE POLICY<\/span><\/a><\/p>","protected":false},"author":1,"featured_media":0,"parent":0,"menu_order":0,"comment_status":"closed","ping_status":"closed","template":"","meta":{"neve_meta_sidebar":"","neve_meta_container":"","neve_meta_enable_content_width":"","neve_meta_content_width":0,"neve_meta_title_alignment":"","neve_meta_author_avatar":"","neve_post_elements_order":"","neve_meta_disable_header":"","neve_meta_disable_footer":"","neve_meta_disable_title":"","footnotes":""},"class_list":["post-62","page","type-page","status-publish","hentry"],"_links":{"self":[{"href":"https:\/\/lantasoda.com\/en\/wp-json\/wp\/v2\/pages\/62","targetHints":{"allow":["GET"]}}],"collection":[{"href":"https:\/\/lantasoda.com\/en\/wp-json\/wp\/v2\/pages"}],"about":[{"href":"https:\/\/lantasoda.com\/en\/wp-json\/wp\/v2\/types\/page"}],"author":[{"embeddable":true,"href":"https:\/\/lantasoda.com\/en\/wp-json\/wp\/v2\/users\/1"}],"replies":[{"embeddable":true,"href":"https:\/\/lantasoda.com\/en\/wp-json\/wp\/v2\/comments?post=62"}],"version-history":[{"count":4,"href":"https:\/\/lantasoda.com\/en\/wp-json\/wp\/v2\/pages\/62\/revisions"}],"predecessor-version":[{"id":481,"href":"https:\/\/lantasoda.com\/en\/wp-json\/wp\/v2\/pages\/62\/revisions\/481"}],"wp:attachment":[{"href":"https:\/\/lantasoda.com\/en\/wp-json\/wp\/v2\/media?parent=62"}],"curies":[{"name":"wp","href":"https:\/\/api.w.org\/{rel}","templated":true}]}}